{"id":342,"date":"2022-10-21T22:24:25","date_gmt":"2022-10-21T22:24:25","guid":{"rendered":"https:\/\/firstsight.design\/linden\/demo\/?page_id=342"},"modified":"2024-01-29T08:01:24","modified_gmt":"2024-01-29T08:01:24","slug":"contact","status":"publish","type":"page","link":"https:\/\/villa.bullsrvr.com\/en\/contact\/","title":{"rendered":"Contact"},"content":{"rendered":"<div data-elementor-type=\"wp-page\" data-elementor-id=\"342\" class=\"elementor elementor-342\">\n\t\t\t\t\t\t\t\t\t<section class=\"elementor-section elementor-top-section elementor-element elementor-element-c740576 elementor-section-full_width elementor-reverse-tablet elementor-reverse-mobile elementor-section-height-default elementor-section-height-default\" data-id=\"c740576\" data-element_type=\"section\" data-settings=\"{&quot;background_background&quot;:&quot;classic&quot;}\">\n\t\t\t\t\t\t<div class=\"elementor-container elementor-column-gap-no\">\n\t\t\t\t\t<div class=\"elementor-column elementor-col-50 elementor-top-column elementor-element elementor-element-8548050 elementor-invisible\" data-id=\"8548050\" data-element_type=\"column\" data-settings=\"{&quot;animation&quot;:&quot;fadeIn&quot;,&quot;background_background&quot;:&quot;classic&quot;}\">\n\t\t\t<div class=\"elementor-widget-wrap elementor-element-populated\">\n\t\t\t\t\t\t\t\t<div class=\"elementor-element elementor-element-4a9bdb1 elementor-widget elementor-widget-heading\" data-id=\"4a9bdb1\" data-element_type=\"widget\" data-widget_type=\"heading.default\">\n\t\t\t\t<div class=\"elementor-widget-container\">\n\t\t\t<p class=\"elementor-heading-title elementor-size-default\">WONDERNEST<\/p>\t\t<\/div>\n\t\t\t\t<\/div>\n\t\t\t\t<div class=\"elementor-element elementor-element-ab95b50 elementor-widget__width-inherit elementor-widget elementor-widget-heading\" data-id=\"ab95b50\" data-element_type=\"widget\" id=\"contact-h1\" data-widget_type=\"heading.default\">\n\t\t\t\t<div class=\"elementor-widget-container\">\n\t\t\t<h1 class=\"elementor-heading-title elementor-size-default\">Contact us<\/h1>\t\t<\/div>\n\t\t\t\t<\/div>\n\t\t\t\t<div class=\"elementor-element elementor-element-74461da elementor-widget elementor-widget-text-editor\" data-id=\"74461da\" data-element_type=\"widget\" data-widget_type=\"text-editor.default\">\n\t\t\t\t<div class=\"elementor-widget-container\">\n\t\t\t\t\t\t\t<p>If you have any questions before or after booking <br \/>Don't hesitate to reach out<\/p>\t\t\t\t\t\t<\/div>\n\t\t\t\t<\/div>\n\t\t\t\t<div class=\"elementor-element elementor-element-e27dfc1 elementor-icon-list--layout-traditional elementor-list-item-link-full_width elementor-widget elementor-widget-icon-list\" data-id=\"e27dfc1\" data-element_type=\"widget\" data-widget_type=\"icon-list.default\">\n\t\t\t\t<div class=\"elementor-widget-container\">\n\t\t\t\t\t<ul class=\"elementor-icon-list-items\">\n\t\t\t\t\t\t\t<li class=\"elementor-icon-list-item\">\n\t\t\t\t\t\t\t\t\t\t\t<span class=\"elementor-icon-list-icon\">\n\t\t\t\t\t\t\t<svg width=\"24\" height=\"24\" viewbox=\"0 0 24 24\" fill=\"black\" xmlns=\"http:\/\/www.w3.org\/2000\/svg\">\n<path fill-rule=\"evenodd\" clip-rule=\"evenodd\" d=\"M5.5 4C5.5 3.17157 6.17157 2.5 7 2.5H17C17.8284 2.5 18.5 3.17157 18.5 4V20C18.5 20.8284 17.8284 21.5 17 21.5H7C6.17157 21.5 5.5 20.8284 5.5 20V4ZM7 1.5C5.61929 1.5 4.5 2.61929 4.5 4V20C4.5 21.3807 5.61929 22.5 7 22.5H17C18.3807 22.5 19.5 21.3807 19.5 20V4C19.5 2.61929 18.3807 1.5 17 1.5H7ZM12 17.5C11.7239 17.5 11.5 17.7239 11.5 18C11.5 18.2761 11.7239 18.5 12 18.5H12.01C12.2861 18.5 12.51 18.2761 12.51 18C12.51 17.7239 12.2861 17.5 12.01 17.5H12Z\" \/>\n<\/svg>\n\t\t\t\t\t\t<\/span>\n\t\t\t\t\t\t\t\t\t\t<span class=\"elementor-icon-list-text\">+45 26 70 74 70<\/span>\n\t\t\t\t\t\t\t\t\t<\/li>\n\t\t\t\t\t\t\t\t<li class=\"elementor-icon-list-item\">\n\t\t\t\t\t\t\t\t\t\t\t<span class=\"elementor-icon-list-icon\">\n\t\t\t\t\t\t\t<svg width=\"24\" height=\"24\" viewbox=\"0 0 24 24\" fill=\"black\" xmlns=\"http:\/\/www.w3.org\/2000\/svg\">\n<path fill-rule=\"evenodd\" clip-rule=\"evenodd\" d=\"M2.52044 5.75395C2.639 5.04569 3.25991 4.5 4.00004 4.5H20C20.7402 4.5 21.3611 5.04569 21.4796 5.75395L12 12.3897L2.52044 5.75395ZM1.50006 5.99212C1.49999 5.99679 1.49998 6.00146 1.50004 6.00612V18C1.50004 19.3761 2.6239 20.5 4.00004 20.5H20C21.3762 20.5 22.5 19.3761 22.5 18V6.00625M21.5 6.96033V18C21.5 18.8239 20.8239 19.5 20 19.5H4.00004C3.17619 19.5 2.50004 18.8239 2.50004 18V6.96033L11.7133 13.4096C11.8855 13.5301 12.1146 13.5301 12.2868 13.4096L21.5 6.96033ZM22.5 5.99198C22.4957 4.61949 21.3735 3.5 20 3.5H4.00004C2.62653 3.5 1.50433 4.61957 1.50006 5.99212\" \/>\n<\/svg>\n\t\t\t\t\t\t<\/span>\n\t\t\t\t\t\t\t\t\t\t<span class=\"elementor-icon-list-text\">Michellelottrup@gmail.com<\/span>\n\t\t\t\t\t\t\t\t\t<\/li>\n\t\t\t\t\t\t<\/ul>\n\t\t\t\t<\/div>\n\t\t\t\t<\/div>\n\t\t\t\t\t<\/div>\n\t\t<\/div>\n\t\t\t\t<div class=\"elementor-column elementor-col-50 elementor-top-column elementor-element elementor-element-fef34b8\" data-id=\"fef34b8\" data-element_type=\"column\">\n\t\t\t<div class=\"elementor-widget-wrap elementor-element-populated\">\n\t\t\t\t\t\t\t\t<div class=\"elementor-element elementor-element-9def54d elementor-widget elementor-widget-image\" data-id=\"9def54d\" data-element_type=\"widget\" data-widget_type=\"image.default\">\n\t\t\t\t<div class=\"elementor-widget-container\">\n\t\t\t\t\t\t\t\t\t\t\t\t\t\t\t<img loading=\"lazy\" decoding=\"async\" width=\"1600\" height=\"1000\" src=\"https:\/\/villa.bullsrvr.com\/wp-content\/uploads\/2023\/11\/IMG_0008-1.jpg\" class=\"attachment-full size-full wp-image-3338\" alt=\"\" srcset=\"https:\/\/villa.bullsrvr.com\/wp-content\/uploads\/2023\/11\/IMG_0008-1.jpg 1600w, https:\/\/villa.bullsrvr.com\/wp-content\/uploads\/2023\/11\/IMG_0008-1-300x188.jpg 300w, https:\/\/villa.bullsrvr.com\/wp-content\/uploads\/2023\/11\/IMG_0008-1-1024x640.jpg 1024w, https:\/\/villa.bullsrvr.com\/wp-content\/uploads\/2023\/11\/IMG_0008-1-768x480.jpg 768w, https:\/\/villa.bullsrvr.com\/wp-content\/uploads\/2023\/11\/IMG_0008-1-1536x960.jpg 1536w\" sizes=\"auto, (max-width: 1600px) 100vw, 1600px\" \/>\t\t\t\t\t\t\t\t\t\t\t\t\t\t\t<\/div>\n\t\t\t\t<\/div>\n\t\t\t\t\t<\/div>\n\t\t<\/div>\n\t\t\t\t\t\t\t<\/div>\n\t\t<\/section>\n\t\t\t\t<section class=\"elementor-section elementor-top-section elementor-element elementor-element-478a5a02 elementor-section-boxed elementor-section-height-default elementor-section-height-default\" data-id=\"478a5a02\" data-element_type=\"section\" data-settings=\"{&quot;background_background&quot;:&quot;classic&quot;}\">\n\t\t\t\t\t\t<div class=\"elementor-container elementor-column-gap-default\">\n\t\t\t\t\t<div class=\"elementor-column elementor-col-100 elementor-top-column elementor-element elementor-element-6ed843f6 elementor-invisible\" data-id=\"6ed843f6\" data-element_type=\"column\" data-settings=\"{&quot;animation&quot;:&quot;fadeIn&quot;}\">\n\t\t\t<div class=\"elementor-widget-wrap elementor-element-populated\">\n\t\t\t\t\t\t\t\t<div class=\"elementor-element elementor-element-7745e7a4 elementor-widget elementor-widget-heading\" data-id=\"7745e7a4\" data-element_type=\"widget\" data-widget_type=\"heading.default\">\n\t\t\t\t<div class=\"elementor-widget-container\">\n\t\t\t<p class=\"elementor-heading-title elementor-size-default\">We are here to help<\/p>\t\t<\/div>\n\t\t\t\t<\/div>\n\t\t\t\t<div class=\"elementor-element elementor-element-33452a73 elementor-widget elementor-widget-heading\" data-id=\"33452a73\" data-element_type=\"widget\" data-widget_type=\"heading.default\">\n\t\t\t\t<div class=\"elementor-widget-container\">\n\t\t\t<h3 class=\"elementor-heading-title elementor-size-default\">Reach out<\/h3>\t\t<\/div>\n\t\t\t\t<\/div>\n\t\t\t\t<div class=\"elementor-element elementor-element-6adc61d3 elementor-widget elementor-widget-text-editor\" data-id=\"6adc61d3\" data-element_type=\"widget\" data-widget_type=\"text-editor.default\">\n\t\t\t\t<div class=\"elementor-widget-container\">\n\t\t\t\t\t\t\t<p>Do you have questions about your stay? Don't hesitate to contact us<\/p>\t\t\t\t\t\t<\/div>\n\t\t\t\t<\/div>\n\t\t\t\t<div class=\"elementor-element elementor-element-95f8d5b art-color-scheme-main elementor-widget elementor-widget-art-button\" data-id=\"95f8d5b\" data-element_type=\"widget\" data-widget_type=\"art-button.default\">\n\t\t\t\t<div class=\"elementor-widget-container\">\n\t\t\t<div class=\"art-button-widget\"><div class=\"art-button-widget__wrap\"><a class=\"art-button-primary\" href=\"mailto:michellelottrup@gmail.com\">CONTACT US<\/a><\/div><\/div>\t\t<\/div>\n\t\t\t\t<\/div>\n\t\t\t\t\t<\/div>\n\t\t<\/div>\n\t\t\t\t\t\t\t<\/div>\n\t\t<\/section>\n\t\t\t\t\t\t\t<\/div>","protected":false},"excerpt":{"rendered":"<p>WONDERNEST Kontakt os Har du sp\u00f8rgsm\u00e5l f\u00f8r eller efter booking? Bare tag kontakt, s\u00e5 ordner vi det. +45 26 70 74 70 Michellelottrup@gmail.com Vi er her for at hj\u00e6lpe Tag kontakt Har du sp\u00f8rgsm\u00e5l til villa ophold? Tov ikke med at tage kontakt til os<\/p>","protected":false},"author":1,"featured_media":0,"parent":0,"menu_order":0,"comment_status":"closed","ping_status":"closed","template":"","meta":{"inline_featured_image":false,"footnotes":""},"class_list":["post-342","page","type-page","status-publish","hentry"],"acf":[],"_links":{"self":[{"href":"https:\/\/villa.bullsrvr.com\/en\/wp-json\/wp\/v2\/pages\/342","targetHints":{"allow":["GET"]}}],"collection":[{"href":"https:\/\/villa.bullsrvr.com\/en\/wp-json\/wp\/v2\/pages"}],"about":[{"href":"https:\/\/villa.bullsrvr.com\/en\/wp-json\/wp\/v2\/types\/page"}],"author":[{"embeddable":true,"href":"https:\/\/villa.bullsrvr.com\/en\/wp-json\/wp\/v2\/users\/1"}],"replies":[{"embeddable":true,"href":"https:\/\/villa.bullsrvr.com\/en\/wp-json\/wp\/v2\/comments?post=342"}],"version-history":[{"count":48,"href":"https:\/\/villa.bullsrvr.com\/en\/wp-json\/wp\/v2\/pages\/342\/revisions"}],"predecessor-version":[{"id":3687,"href":"https:\/\/villa.bullsrvr.com\/en\/wp-json\/wp\/v2\/pages\/342\/revisions\/3687"}],"wp:attachment":[{"href":"https:\/\/villa.bullsrvr.com\/en\/wp-json\/wp\/v2\/media?parent=342"}],"curies":[{"name":"wp","href":"https:\/\/api.w.org\/{rel}","templated":true}]}}